{"id":894,"date":"2024-09-03T19:10:59","date_gmt":"2024-09-03T19:10:59","guid":{"rendered":"https:\/\/www.fooddudes.ie\/gaeilge\/?page_id=894"},"modified":"2024-12-13T14:02:43","modified_gmt":"2024-12-13T14:02:43","slug":"gniomhaiochtai-spraiula","status":"publish","type":"page","link":"https:\/\/www.fooddudes.ie\/gaeilge\/gniomhaiochtai-spraiula\/","title":{"rendered":"Gn\u00edomha\u00edochta\u00ed Spra\u00ed\u00fala"},"content":{"rendered":"<div id=\"pl-2547\" class=\"panel-layout\">\n<div id=\"pg-2547-0\" class=\"panel-grid panel-has-style\" data-style=\"{&quot;mobile_padding&quot;:&quot;-50px 0px -150px 0px&quot;,&quot;background_image_attachment&quot;:false,&quot;background_display&quot;:&quot;cover&quot;,&quot;full_height&quot;:&quot;&quot;,&quot;bottom_margin&quot;:&quot;-50px&quot;,&quot;cell_alignment&quot;:&quot;flex-start&quot;,&quot;fullwidth&quot;:true}\">\n<div class=\"contant-general-content-wrapper general-content-inner container-fulid panel-row-style panel-row-style-for-2547-0\">\n<div id=\"pgc-2547-0-0\" class=\"panel-grid-cell panel-grid-cell-empty\" data-weight=\"1\"><\/div>\n<\/div>\n<\/div>\n<\/div>\n","protected":false},"excerpt":{"rendered":"","protected":false},"author":10,"featured_media":0,"parent":0,"menu_order":0,"comment_status":"closed","ping_status":"closed","template":"page-templates\/food-dudes-at-home.php","meta":{"_acf_changed":false,"footnotes":""},"class_list":["post-894","page","type-page","status-publish","hentry"],"acf":[],"yoast_head":"<!-- This site is optimized with the Yoast SEO plugin v27.1.1 - https:\/\/yoast.com\/product\/yoast-seo-wordpress\/ -->\n<title>Gn\u00edomha\u00edochta\u00ed Spra\u00ed\u00fala - fooddudes-gaeilge<\/title>\n<meta name=\"robots\" content=\"index, follow, max-snippet:-1, max-image-preview:large, max-video-preview:-1\" \/>\n<link rel=\"canonical\" href=\"https:\/\/www.fooddudes.ie\/gaeilge\/gniomhaiochtai-spraiula\/\" \/>\n<meta property=\"og:locale\" content=\"en_US\" \/>\n<meta property=\"og:type\" content=\"article\" \/>\n<meta property=\"og:title\" content=\"Gn\u00edomha\u00edochta\u00ed Spra\u00ed\u00fala - fooddudes-gaeilge\" \/>\n<meta property=\"og:url\" content=\"https:\/\/www.fooddudes.ie\/gaeilge\/gniomhaiochtai-spraiula\/\" \/>\n<meta property=\"og:site_name\" content=\"fooddudes-gaeilge\" \/>\n<meta property=\"article:modified_time\" content=\"2024-12-13T14:02:43+00:00\" \/>\n<meta name=\"twitter:card\" content=\"summary_large_image\" \/>\n<script type=\"application\/ld+json\" class=\"yoast-schema-graph\">{\"@context\":\"https:\/\/schema.org\",\"@graph\":[{\"@type\":\"WebPage\",\"@id\":\"https:\/\/www.fooddudes.ie\/gaeilge\/gniomhaiochtai-spraiula\/\",\"url\":\"https:\/\/www.fooddudes.ie\/gaeilge\/gniomhaiochtai-spraiula\/\",\"name\":\"Gn\u00edomha\u00edochta\u00ed Spra\u00ed\u00fala - fooddudes-gaeilge\",\"isPartOf\":{\"@id\":\"https:\/\/www.fooddudes.ie\/gaeilge\/#website\"},\"datePublished\":\"2024-09-03T19:10:59+00:00\",\"dateModified\":\"2024-12-13T14:02:43+00:00\",\"breadcrumb\":{\"@id\":\"https:\/\/www.fooddudes.ie\/gaeilge\/gniomhaiochtai-spraiula\/#breadcrumb\"},\"inLanguage\":\"en-US\",\"potentialAction\":[{\"@type\":\"ReadAction\",\"target\":[\"https:\/\/www.fooddudes.ie\/gaeilge\/gniomhaiochtai-spraiula\/\"]}]},{\"@type\":\"BreadcrumbList\",\"@id\":\"https:\/\/www.fooddudes.ie\/gaeilge\/gniomhaiochtai-spraiula\/#breadcrumb\",\"itemListElement\":[{\"@type\":\"ListItem\",\"position\":1,\"name\":\"Home\",\"item\":\"https:\/\/www.fooddudes.ie\/gaeilge\/\"},{\"@type\":\"ListItem\",\"position\":2,\"name\":\"Gn\u00edomha\u00edochta\u00ed Spra\u00ed\u00fala\"}]},{\"@type\":\"WebSite\",\"@id\":\"https:\/\/www.fooddudes.ie\/gaeilge\/#website\",\"url\":\"https:\/\/www.fooddudes.ie\/gaeilge\/\",\"name\":\"fooddudes-gaeilge\",\"description\":\"Just another FoodDudes site\",\"potentialAction\":[{\"@type\":\"SearchAction\",\"target\":{\"@type\":\"EntryPoint\",\"urlTemplate\":\"https:\/\/www.fooddudes.ie\/gaeilge\/?s={search_term_string}\"},\"query-input\":{\"@type\":\"PropertyValueSpecification\",\"valueRequired\":true,\"valueName\":\"search_term_string\"}}],\"inLanguage\":\"en-US\"}]}<\/script>\n<!-- \/ Yoast SEO plugin. -->","yoast_head_json":{"title":"Gn\u00edomha\u00edochta\u00ed Spra\u00ed\u00fala - fooddudes-gaeilge","robots":{"index":"index","follow":"follow","max-snippet":"max-snippet:-1","max-image-preview":"max-image-preview:large","max-video-preview":"max-video-preview:-1"},"canonical":"https:\/\/www.fooddudes.ie\/gaeilge\/gniomhaiochtai-spraiula\/","og_locale":"en_US","og_type":"article","og_title":"Gn\u00edomha\u00edochta\u00ed Spra\u00ed\u00fala - fooddudes-gaeilge","og_url":"https:\/\/www.fooddudes.ie\/gaeilge\/gniomhaiochtai-spraiula\/","og_site_name":"fooddudes-gaeilge","article_modified_time":"2024-12-13T14:02:43+00:00","twitter_card":"summary_large_image","schema":{"@context":"https:\/\/schema.org","@graph":[{"@type":"WebPage","@id":"https:\/\/www.fooddudes.ie\/gaeilge\/gniomhaiochtai-spraiula\/","url":"https:\/\/www.fooddudes.ie\/gaeilge\/gniomhaiochtai-spraiula\/","name":"Gn\u00edomha\u00edochta\u00ed Spra\u00ed\u00fala - fooddudes-gaeilge","isPartOf":{"@id":"https:\/\/www.fooddudes.ie\/gaeilge\/#website"},"datePublished":"2024-09-03T19:10:59+00:00","dateModified":"2024-12-13T14:02:43+00:00","breadcrumb":{"@id":"https:\/\/www.fooddudes.ie\/gaeilge\/gniomhaiochtai-spraiula\/#breadcrumb"},"inLanguage":"en-US","potentialAction":[{"@type":"ReadAction","target":["https:\/\/www.fooddudes.ie\/gaeilge\/gniomhaiochtai-spraiula\/"]}]},{"@type":"BreadcrumbList","@id":"https:\/\/www.fooddudes.ie\/gaeilge\/gniomhaiochtai-spraiula\/#breadcrumb","itemListElement":[{"@type":"ListItem","position":1,"name":"Home","item":"https:\/\/www.fooddudes.ie\/gaeilge\/"},{"@type":"ListItem","position":2,"name":"Gn\u00edomha\u00edochta\u00ed Spra\u00ed\u00fala"}]},{"@type":"WebSite","@id":"https:\/\/www.fooddudes.ie\/gaeilge\/#website","url":"https:\/\/www.fooddudes.ie\/gaeilge\/","name":"fooddudes-gaeilge","description":"Just another FoodDudes site","potentialAction":[{"@type":"SearchAction","target":{"@type":"EntryPoint","urlTemplate":"https:\/\/www.fooddudes.ie\/gaeilge\/?s={search_term_string}"},"query-input":{"@type":"PropertyValueSpecification","valueRequired":true,"valueName":"search_term_string"}}],"inLanguage":"en-US"}]}},"_links":{"self":[{"href":"https:\/\/www.fooddudes.ie\/gaeilge\/wp-json\/wp\/v2\/pages\/894","targetHints":{"allow":["GET"]}}],"collection":[{"href":"https:\/\/www.fooddudes.ie\/gaeilge\/wp-json\/wp\/v2\/pages"}],"about":[{"href":"https:\/\/www.fooddudes.ie\/gaeilge\/wp-json\/wp\/v2\/types\/page"}],"author":[{"embeddable":true,"href":"https:\/\/www.fooddudes.ie\/gaeilge\/wp-json\/wp\/v2\/users\/10"}],"replies":[{"embeddable":true,"href":"https:\/\/www.fooddudes.ie\/gaeilge\/wp-json\/wp\/v2\/comments?post=894"}],"version-history":[{"count":3,"href":"https:\/\/www.fooddudes.ie\/gaeilge\/wp-json\/wp\/v2\/pages\/894\/revisions"}],"predecessor-version":[{"id":1024,"href":"https:\/\/www.fooddudes.ie\/gaeilge\/wp-json\/wp\/v2\/pages\/894\/revisions\/1024"}],"wp:attachment":[{"href":"https:\/\/www.fooddudes.ie\/gaeilge\/wp-json\/wp\/v2\/media?parent=894"}],"curies":[{"name":"wp","href":"https:\/\/api.w.org\/{rel}","templated":true}]}}