{"id":1041,"date":"2024-09-12T10:40:03","date_gmt":"2024-09-12T10:40:03","guid":{"rendered":"https:\/\/www.fooddudes.ie\/gaeilge\/?page_id=1041"},"modified":"2024-12-13T14:02:35","modified_gmt":"2024-12-13T14:02:35","slug":"food-dudes-spraoi-sa-bhaile","status":"publish","type":"page","link":"https:\/\/www.fooddudes.ie\/gaeilge\/food-dudes-spraoi-sa-bhaile\/","title":{"rendered":"Food Dudes Spraoi sa Bhaile"},"content":{"rendered":"<div id=\"pl-1041\"  class=\"panel-layout\" ><div id=\"pg-1041-0\"  class=\"panel-grid panel-has-style\" ><div class=\"contant-general-content-wrapper general-content-inner container-fulid panel-row-style panel-row-style-for-1041-0\" ><div id=\"pgc-1041-0-0\"  class=\"panel-grid-cell\" ><div id=\"panel-1041-0-0-0\" class=\"so-panel widget widget_sow-editor panel-first-child panel-last-child\" data-index=\"0\" ><div class=\"panel-widget-style panel-widget-style-for-1041-0-0-0\" ><div\n\t\t\t\n\t\t\tclass=\"so-widget-sow-editor so-widget-sow-editor-base\"\n\t\t\t\n\t\t>\n<div class=\"siteorigin-widget-tinymce textwidget\">\n\t<h3 style=\"text-align: center;\"><span style=\"color: #006699;\">Failte go Food Dudes Spraoi sa Bhaile!<\/span><\/h3>\n<p style=\"text-align: center;\"><span style=\"color: #006699; font-size: 18px;\">T\u00e1 cluich\u00ed, bileoga oibre, gn\u00edomha\u00edochta\u00ed agus f\u00edse\u00e1in againn do thuismitheoir\u00ed <\/span><br \/>\n<span style=\"color: #006699; font-size: 18px;\">le h\u00edosl\u00f3d\u00e1il at\u00e1 d\u00edrithe ar thaca\u00edocht a thabhairt do ph\u00e1ist\u00ed bunscoile de gach aois foghlaim faoi thortha\u00ed, <\/span><br \/>\n<span style=\"color: #006699; font-size: 18px;\">glasra\u00ed agus bia sl\u00e1inti\u00fail i mbealach spra\u00ed\u00fail agus suimi\u00fail.\u00a0<\/span><\/p>\n<p style=\"text-align: center;\"><span style=\"color: #006699; font-size: 18px;\">B\u00ed ag comhr\u00e1 linn ar\u00a0<strong><span style=\"color: #8ec540;\">#FoodDudesFun<\/span><\/strong><\/span><\/p>\n<\/div>\n<\/div><\/div><\/div><\/div><\/div><\/div><\/div>","protected":false},"excerpt":{"rendered":"<p>Failte go Food Dudes Spraoi sa Bhaile! T\u00e1 cluich\u00ed, bileoga oibre, gn\u00edomha\u00edochta\u00ed agus f\u00edse\u00e1in againn do thuismitheoir\u00ed le h\u00edosl\u00f3d\u00e1il at\u00e1 d\u00edrithe ar thaca\u00edocht a thabhairt do ph\u00e1ist\u00ed bunscoile de gach aois foghlaim faoi thortha\u00ed, glasra\u00ed agus bia sl\u00e1inti\u00fail i mbealach spra\u00ed\u00fail agus suimi\u00fail.\u00a0 B\u00ed ag comhr\u00e1 linn ar\u00a0#FoodDudesFun<\/p>\n","protected":false},"author":10,"featured_media":0,"parent":0,"menu_order":0,"comment_status":"closed","ping_status":"closed","template":"page-templates\/food-dudes-at-home.php","meta":{"_acf_changed":false,"footnotes":""},"class_list":["post-1041","page","type-page","status-publish","hentry"],"acf":[],"yoast_head":"<!-- This site is optimized with the Yoast SEO plugin v27.1.1 - https:\/\/yoast.com\/product\/yoast-seo-wordpress\/ -->\n<title>Food Dudes Spraoi sa Bhaile - fooddudes-gaeilge<\/title>\n<meta name=\"robots\" content=\"index, follow, max-snippet:-1, max-image-preview:large, max-video-preview:-1\" \/>\n<link rel=\"canonical\" href=\"https:\/\/www.fooddudes.ie\/gaeilge\/food-dudes-spraoi-sa-bhaile\/\" \/>\n<meta property=\"og:locale\" content=\"en_US\" \/>\n<meta property=\"og:type\" content=\"article\" \/>\n<meta property=\"og:title\" content=\"Food Dudes Spraoi sa Bhaile - fooddudes-gaeilge\" \/>\n<meta property=\"og:description\" content=\"Failte go Food Dudes Spraoi sa Bhaile! T\u00e1 cluich\u00ed, bileoga oibre, gn\u00edomha\u00edochta\u00ed agus f\u00edse\u00e1in againn do thuismitheoir\u00ed le h\u00edosl\u00f3d\u00e1il at\u00e1 d\u00edrithe ar thaca\u00edocht a thabhairt do ph\u00e1ist\u00ed bunscoile de gach aois foghlaim faoi thortha\u00ed, glasra\u00ed agus bia sl\u00e1inti\u00fail i mbealach spra\u00ed\u00fail agus suimi\u00fail.\u00a0 B\u00ed ag comhr\u00e1 linn ar\u00a0#FoodDudesFun\" \/>\n<meta property=\"og:url\" content=\"https:\/\/www.fooddudes.ie\/gaeilge\/food-dudes-spraoi-sa-bhaile\/\" \/>\n<meta property=\"og:site_name\" content=\"fooddudes-gaeilge\" \/>\n<meta property=\"article:modified_time\" content=\"2024-12-13T14:02:35+00:00\" \/>\n<meta name=\"twitter:card\" content=\"summary_large_image\" \/>\n<meta name=\"twitter:label1\" content=\"Est. reading time\" \/>\n\t<meta name=\"twitter:data1\" content=\"1 minute\" \/>\n<script type=\"application\/ld+json\" class=\"yoast-schema-graph\">{\"@context\":\"https:\/\/schema.org\",\"@graph\":[{\"@type\":\"WebPage\",\"@id\":\"https:\/\/www.fooddudes.ie\/gaeilge\/food-dudes-spraoi-sa-bhaile\/\",\"url\":\"https:\/\/www.fooddudes.ie\/gaeilge\/food-dudes-spraoi-sa-bhaile\/\",\"name\":\"Food Dudes Spraoi sa Bhaile - fooddudes-gaeilge\",\"isPartOf\":{\"@id\":\"https:\/\/www.fooddudes.ie\/gaeilge\/#website\"},\"datePublished\":\"2024-09-12T10:40:03+00:00\",\"dateModified\":\"2024-12-13T14:02:35+00:00\",\"breadcrumb\":{\"@id\":\"https:\/\/www.fooddudes.ie\/gaeilge\/food-dudes-spraoi-sa-bhaile\/#breadcrumb\"},\"inLanguage\":\"en-US\",\"potentialAction\":[{\"@type\":\"ReadAction\",\"target\":[\"https:\/\/www.fooddudes.ie\/gaeilge\/food-dudes-spraoi-sa-bhaile\/\"]}]},{\"@type\":\"BreadcrumbList\",\"@id\":\"https:\/\/www.fooddudes.ie\/gaeilge\/food-dudes-spraoi-sa-bhaile\/#breadcrumb\",\"itemListElement\":[{\"@type\":\"ListItem\",\"position\":1,\"name\":\"Home\",\"item\":\"https:\/\/www.fooddudes.ie\/gaeilge\/\"},{\"@type\":\"ListItem\",\"position\":2,\"name\":\"Food Dudes Spraoi sa Bhaile\"}]},{\"@type\":\"WebSite\",\"@id\":\"https:\/\/www.fooddudes.ie\/gaeilge\/#website\",\"url\":\"https:\/\/www.fooddudes.ie\/gaeilge\/\",\"name\":\"fooddudes-gaeilge\",\"description\":\"Just another FoodDudes site\",\"potentialAction\":[{\"@type\":\"SearchAction\",\"target\":{\"@type\":\"EntryPoint\",\"urlTemplate\":\"https:\/\/www.fooddudes.ie\/gaeilge\/?s={search_term_string}\"},\"query-input\":{\"@type\":\"PropertyValueSpecification\",\"valueRequired\":true,\"valueName\":\"search_term_string\"}}],\"inLanguage\":\"en-US\"}]}<\/script>\n<!-- \/ Yoast SEO plugin. -->","yoast_head_json":{"title":"Food Dudes Spraoi sa Bhaile - fooddudes-gaeilge","robots":{"index":"index","follow":"follow","max-snippet":"max-snippet:-1","max-image-preview":"max-image-preview:large","max-video-preview":"max-video-preview:-1"},"canonical":"https:\/\/www.fooddudes.ie\/gaeilge\/food-dudes-spraoi-sa-bhaile\/","og_locale":"en_US","og_type":"article","og_title":"Food Dudes Spraoi sa Bhaile - fooddudes-gaeilge","og_description":"Failte go Food Dudes Spraoi sa Bhaile! T\u00e1 cluich\u00ed, bileoga oibre, gn\u00edomha\u00edochta\u00ed agus f\u00edse\u00e1in againn do thuismitheoir\u00ed le h\u00edosl\u00f3d\u00e1il at\u00e1 d\u00edrithe ar thaca\u00edocht a thabhairt do ph\u00e1ist\u00ed bunscoile de gach aois foghlaim faoi thortha\u00ed, glasra\u00ed agus bia sl\u00e1inti\u00fail i mbealach spra\u00ed\u00fail agus suimi\u00fail.\u00a0 B\u00ed ag comhr\u00e1 linn ar\u00a0#FoodDudesFun","og_url":"https:\/\/www.fooddudes.ie\/gaeilge\/food-dudes-spraoi-sa-bhaile\/","og_site_name":"fooddudes-gaeilge","article_modified_time":"2024-12-13T14:02:35+00:00","twitter_card":"summary_large_image","twitter_misc":{"Est. reading time":"1 minute"},"schema":{"@context":"https:\/\/schema.org","@graph":[{"@type":"WebPage","@id":"https:\/\/www.fooddudes.ie\/gaeilge\/food-dudes-spraoi-sa-bhaile\/","url":"https:\/\/www.fooddudes.ie\/gaeilge\/food-dudes-spraoi-sa-bhaile\/","name":"Food Dudes Spraoi sa Bhaile - fooddudes-gaeilge","isPartOf":{"@id":"https:\/\/www.fooddudes.ie\/gaeilge\/#website"},"datePublished":"2024-09-12T10:40:03+00:00","dateModified":"2024-12-13T14:02:35+00:00","breadcrumb":{"@id":"https:\/\/www.fooddudes.ie\/gaeilge\/food-dudes-spraoi-sa-bhaile\/#breadcrumb"},"inLanguage":"en-US","potentialAction":[{"@type":"ReadAction","target":["https:\/\/www.fooddudes.ie\/gaeilge\/food-dudes-spraoi-sa-bhaile\/"]}]},{"@type":"BreadcrumbList","@id":"https:\/\/www.fooddudes.ie\/gaeilge\/food-dudes-spraoi-sa-bhaile\/#breadcrumb","itemListElement":[{"@type":"ListItem","position":1,"name":"Home","item":"https:\/\/www.fooddudes.ie\/gaeilge\/"},{"@type":"ListItem","position":2,"name":"Food Dudes Spraoi sa Bhaile"}]},{"@type":"WebSite","@id":"https:\/\/www.fooddudes.ie\/gaeilge\/#website","url":"https:\/\/www.fooddudes.ie\/gaeilge\/","name":"fooddudes-gaeilge","description":"Just another FoodDudes site","potentialAction":[{"@type":"SearchAction","target":{"@type":"EntryPoint","urlTemplate":"https:\/\/www.fooddudes.ie\/gaeilge\/?s={search_term_string}"},"query-input":{"@type":"PropertyValueSpecification","valueRequired":true,"valueName":"search_term_string"}}],"inLanguage":"en-US"}]}},"_links":{"self":[{"href":"https:\/\/www.fooddudes.ie\/gaeilge\/wp-json\/wp\/v2\/pages\/1041","targetHints":{"allow":["GET"]}}],"collection":[{"href":"https:\/\/www.fooddudes.ie\/gaeilge\/wp-json\/wp\/v2\/pages"}],"about":[{"href":"https:\/\/www.fooddudes.ie\/gaeilge\/wp-json\/wp\/v2\/types\/page"}],"author":[{"embeddable":true,"href":"https:\/\/www.fooddudes.ie\/gaeilge\/wp-json\/wp\/v2\/users\/10"}],"replies":[{"embeddable":true,"href":"https:\/\/www.fooddudes.ie\/gaeilge\/wp-json\/wp\/v2\/comments?post=1041"}],"version-history":[{"count":12,"href":"https:\/\/www.fooddudes.ie\/gaeilge\/wp-json\/wp\/v2\/pages\/1041\/revisions"}],"predecessor-version":[{"id":1171,"href":"https:\/\/www.fooddudes.ie\/gaeilge\/wp-json\/wp\/v2\/pages\/1041\/revisions\/1171"}],"wp:attachment":[{"href":"https:\/\/www.fooddudes.ie\/gaeilge\/wp-json\/wp\/v2\/media?parent=1041"}],"curies":[{"name":"wp","href":"https:\/\/api.w.org\/{rel}","templated":true}]}}